{"id":1248,"date":"2021-08-25T13:14:20","date_gmt":"2021-08-25T13:14:20","guid":{"rendered":"https:\/\/weickmann.seitenwind-dev.com\/privacy-policy\/"},"modified":"2024-10-07T10:07:06","modified_gmt":"2024-10-07T10:07:06","slug":"privacy-policy","status":"publish","type":"page","link":"https:\/\/www.weickmann.de\/en\/privacy-policy\/","title":{"rendered":"Privacy policy"},"content":{"rendered":"<section class=\"section section--block wysiwyg\"><div class=\"container\">\n<div class=\"wp-block-columns is-layout-flex wp-container-core-columns-is-layout-9d6595d7 wp-block-columns-is-layout-flex\">\n<div class=\"wp-block-column is-layout-flow wp-block-column-is-layout-flow\">\n<h1 class=\"wp-block-heading\">Privacy policy<\/h1>\n\n\n\n<p>Mit dem nachfolgenden Text m\u00f6chten wir Sie \u00fcber die Art, den Umfang und die Zwecke der Erhebung und Verwendung personenbezogener Daten auf unserer Webseite unterrichten. Sollten dar\u00fcber hinaus Fragen zum Datenschutz im Zusammenhang mit unserem Internetauftritt auftreten, so k\u00f6nnen Sie sich an unseren Datenschutzbeauftragten wenden:<\/p>\n\n\n\n<p>Christoph Vischer<br\/>c\/o Weickmann &amp;Weickmann PartmbB<br\/>Richard-Strauss-Str. 80<br\/>81679 M\u00fcnchen<br\/>Tel. 089-455630<br\/>Email:\u00a0<a href=\"mailto:datenschutz@weickmann.de\">datenschutz@weickmann.de<\/a><\/p>\n\n\n\n<p><strong>Datenerhebung und Protokollierung<\/strong><\/p>\n\n\n\n<p>Wenn Sie unsere Webseiten aufrufen, \u00fcbermitteln Sie (aus technischer Notwendigkeit) \u00fcber Ihren Internetbrowser Daten an unseren Webserver. Folgende Daten werden w\u00e4hrend einer laufenden Verbindung zur Kommunikation zwischen Ihrem Internetbrowser und unserem Webserver aufgezeichnet:<\/p>\n\n\n\n<ul class=\"wp-block-list\"><li>Datum und Uhrzeit der Anforderung<\/li><li>Name der angeforderten Datei<\/li><li>Seite, von der aus die Datei angefordert wurde<\/li><li>Zugriffsstatus (Datei \u00fcbertragen, Datei nicht gefunden, etc.)<\/li><li>verwendeter Webbrowser und verwendetes Betriebssystem<\/li><li>vollst\u00e4ndige IP-Adresse des anfordernden Rechners<\/li><li>\u00fcbertragene Datenmenge<\/li><\/ul>\n\n\n\n<p>Aus Gr\u00fcnden der technischen Sicherheit, insbesondere zur Abwehr von Angriffsversuchen auf unseren Webserver, werden diese Daten von uns gespeichert. Ein R\u00fcckschluss auf einzelne Personen ist uns anhand dieser Daten nicht m\u00f6glich. Ein Abgleich mit anderen Datenbest\u00e4nden oder eine Weitergabe an Dritte, auch in Ausz\u00fcgen, findet nicht statt.<\/p>\n\n\n\n<p><strong>Erhebung weiterer Daten<\/strong><\/p>\n\n\n\n<p>Sofern Sie die angebotenen Formulare zur Kontaktaufnahme nicht nutzen, findet keine dar\u00fcber hinausgehende Datenerhebung statt. Soweit Sie ein von uns angebotenes Webformular nutzen und uns darin personenbezogene Daten mitteilen bzw. Sie sich per E-Mail an uns wenden, werden wir Ihre personenbezogenen Daten allein zum Zweck der Bearbeitung Ihrer Anfrage erheben, verarbeiten und nutzen.<\/p>\n\n\n\n<p><strong>Cookies<\/strong><\/p>\n\n\n\n<p>Unsere Webseite verwendet nur ein Session-Cookie, das beim Beenden der Sitzung gel\u00f6scht wird.<\/p>\n\n\n\n<p><strong>Webtracking-Verfahren (Reichweitenmessung)<\/strong><\/p>\n\n\n\n<p>Analyse-Programme und andere Techniken zur Auswertung Ihres Nutzungsverhaltens werden auf unserer Webseite nicht eingesetzt.<\/p>\n\n\n\n<p><strong>Aktive Komponenten<\/strong><\/p>\n\n\n\n<p>Wir verwenden im Rahmen unseres Webangebots keine aktiven Komponenten wie Java-Applets oder Active-X-Controls. F\u00fcr die optimale Anzeige der Inhalte unserer Homepage wird JavaScript ben\u00f6tigt. Sollten Sie JavaScript in Ihrem Internetbrowser deaktiviert haben, so stehen Ihnen manche Funktionalit\u00e4ten nicht oder nur in beschr\u00e4nktem Umfang zur Verf\u00fcgung; eine Nutzung unserer Webseite ist dennoch m\u00f6glich.<\/p>\n\n\n\n<p><strong>Sichere Daten\u00fcbertragung<\/strong><\/p>\n\n\n\n<p>Als Transportverschl\u00fcsselung bieten wir f\u00fcr unseren Webauftritt HTTPS mit Perfect Forward Secrecy und das aktuelle Verschl\u00fcsselungsprotokoll TLS 1.2 an. Wir empfehlen Ihnen, Ihren Internetbrowser auf dem aktuellen Stand zu halten, so dass f\u00fcr eine sichere \u00dcbertragung Ihrer Daten auf dem Transportweg gesorgt ist.<\/p>\n\n\n\n<p><a><\/a>Im Rahmen des Kontaktformulars werden zudem die erhobenen Formulardaten auch inhaltlich verschl\u00fcsselt an uns \u00fcbermittelt. Die Entschl\u00fcsselung dieser Daten ist nur uns m\u00f6glich.<\/p>\n\n\n\n<p><strong>Technische Umsetzung<\/strong><\/p>\n\n\n\n<p>Der Webserver f\u00fcr den Betrieb unserer Webseite wird technisch durch einen IT-Dienstleister in der Bundesrepublik Deutschland betrieben.<\/p>\n<\/div>\n<\/div>\n<\/div><\/section>","protected":false},"excerpt":{"rendered":"<p>Privacy policy Mit dem nachfolgenden Text m\u00f6chten wir Sie \u00fcber die Art, den Umfang und die Zwecke der Erhebung und Verwendung personenbezogener Daten auf unserer Webseite unterrichten. Sollten dar\u00fcber hinaus Fragen zum Datenschutz im Zusammenhang mit unserem Internetauftritt auftreten, so k\u00f6nnen Sie sich an unseren Datenschutzbeauftragten wenden: Christoph Vischerc\/o Weickmann &amp;Weickmann PartmbBRichard-Strauss-Str. 8081679 M\u00fcnchenTel. 089-455630Email:\u00a0datenschutz@weickmann.de [&hellip;]<\/p>\n","protected":false},"author":1,"featured_media":0,"parent":0,"menu_order":0,"comment_status":"closed","ping_status":"closed","template":"","meta":{"_acf_changed":false,"footnotes":""},"class_list":["post-1248","page","type-page","status-publish","hentry"],"acf":[],"_links":{"self":[{"href":"https:\/\/www.weickmann.de\/en\/wp-json\/wp\/v2\/pages\/1248","targetHints":{"allow":["GET"]}}],"collection":[{"href":"https:\/\/www.weickmann.de\/en\/wp-json\/wp\/v2\/pages"}],"about":[{"href":"https:\/\/www.weickmann.de\/en\/wp-json\/wp\/v2\/types\/page"}],"author":[{"embeddable":true,"href":"https:\/\/www.weickmann.de\/en\/wp-json\/wp\/v2\/users\/1"}],"replies":[{"embeddable":true,"href":"https:\/\/www.weickmann.de\/en\/wp-json\/wp\/v2\/comments?post=1248"}],"version-history":[{"count":1,"href":"https:\/\/www.weickmann.de\/en\/wp-json\/wp\/v2\/pages\/1248\/revisions"}],"predecessor-version":[{"id":1946,"href":"https:\/\/www.weickmann.de\/en\/wp-json\/wp\/v2\/pages\/1248\/revisions\/1946"}],"wp:attachment":[{"href":"https:\/\/www.weickmann.de\/en\/wp-json\/wp\/v2\/media?parent=1248"}],"curies":[{"name":"wp","href":"https:\/\/api.w.org\/{rel}","templated":true}]}}